{"id":4649,"date":"2025-03-20T17:57:24","date_gmt":"2025-03-20T17:57:24","guid":{"rendered":"https:\/\/www.bagabiltza.com\/?page_id=4649"},"modified":"2025-04-03T15:43:24","modified_gmt":"2025-04-03T15:43:24","slug":"certificados-de-profesionalidad","status":"publish","type":"page","link":"https:\/\/www.bagabiltza.com\/eu\/formacion\/certificados-de-profesionalidad\/","title":{"rendered":"Profesionaltasun-ziurtagiriak"},"content":{"rendered":"[vc_row][vc_column][vc_custom_heading text=&#8221;% 100 DIRUZ LAGUNDUTAKO IKASTAROAK&#8221; font_container=&#8221;tag:h2|font_size:50|text_align:center&#8221; google_fonts=&#8221;font_family:Abel%3Aregular|font_style:400%20regular%3A400%3Anormal&#8221;][vc_single_image image=&#8221;4699&#8243; img_size=&#8221;full&#8221; alignment=&#8221;center&#8221;][vc_empty_space height=&#8221;62px&#8221;][vc_separator color=&#8221;orange&#8221; border_width=&#8221;5&#8243; el_width=&#8221;60&#8243;][vc_empty_space height=&#8221;62px&#8221;]            <div class=\"heading color-dark text-center \" >\n                                                <h2 class=\"heading-color fs-38\">\n                    Familia profesional: HOSTELER\u00cdA Y TURISMO                <\/h2>\n                                <p class=\"fs-14\">\n                    \u00c1rea Profesional: Alojamiento                <\/p>\n                            <\/div>\n            [vc_empty_space height=&#8221;62px&#8221;][\/vc_column][\/vc_row][vc_row][vc_column width=&#8221;1\/6&#8243;][\/vc_column][vc_column width=&#8221;1\/6&#8243; css=&#8221;.vc_custom_1742495106001{padding-right: 60px !important;}&#8221;][vc_single_image image=&#8221;4665&#8243; img_size=&#8221;full&#8221;][\/vc_column][vc_column width=&#8221;6\/12&#8243;][vc_column_text]\n<h3><span style=\"color: #b814a5;\"><strong>(HOTA0108) OPERACIONES B\u00c1SICAS DE PISOS EN ALOJAMIENTOS (380 h.)<\/strong><\/span><\/h3>\n<h4><\/h4>\n<h4><span style=\"color: #3366ff;\"><strong>MF0706_1\u00a0\u00a0 <\/strong><strong>Arreglo de habitaciones y zonas comunes en alojamientos (120 h.<\/strong>)<\/span><\/h4>\n<ul>\n<li>UF0038: Aprovisionamiento y organizaci\u00f3n del office en alojamiento \u2014 30 h.<\/li>\n<li>UF0039: Limpieza y puesta a punto de pisos y zonas comunes en alojamientos \u2014 60 h.<\/li>\n<li>UF0040: Atenci\u00f3n al cliente en la limpieza de pisos en alojamientos \u2014 30 h.<\/li>\n<\/ul>\n<h4><span style=\"color: #3366ff;\"><strong>MF0707_1 <\/strong><\/span><span style=\"color: #3366ff;\"><strong>\u2014 <\/strong><\/span><span style=\"color: #3366ff;\"><strong>Lavado de ropa en alojamientos (90 h.)<\/strong><\/span><\/h4>\n<h4><span style=\"color: #3366ff;\"><strong>MF0708_1 <\/strong><\/span><span style=\"color: #3366ff;\"><strong>\u2014 <\/strong><\/span><span style=\"color: #3366ff;\"><strong>Planchado y arreglo de ropa en alojamientos (90 h.)<\/strong><\/span><\/h4>\n<h4><span style=\"color: #3366ff;\"><strong>MP0011 \u2014 <\/strong><strong>M\u00f3dulo de pr\u00e1cticas profesionales no laborales (80 h.<\/strong>)<\/span><\/h4>\n<p>&nbsp;<\/p>\n[\/vc_column_text][\/vc_column][\/vc_row][vc_row][vc_column][vc_empty_space height=&#8221;62px&#8221;][vc_separator color=&#8221;orange&#8221; border_width=&#8221;5&#8243; el_width=&#8221;60&#8243;][vc_empty_space height=&#8221;62px&#8221;][\/vc_column][\/vc_row][vc_row][vc_column]            <div class=\"heading color-dark text-center \" >\n                                                <h2 class=\"heading-color fs-38\">\n                    Familia profesional: SERVICIOS SOCIOCULTURALES Y A LA COMUNIDAD                <\/h2>\n                                <p class=\"fs-14\">\n                    \u00c1rea Profesional: Atenci\u00f3n social                <\/p>\n                            <\/div>\n            [vc_empty_space height=&#8221;62px&#8221;][\/vc_column][\/vc_row][vc_row][vc_column width=&#8221;1\/6&#8243;][\/vc_column][vc_column width=&#8221;1\/6&#8243; css=&#8221;.vc_custom_1742495106001{padding-right: 60px !important;}&#8221;][vc_single_image image=&#8221;4684&#8243; img_size=&#8221;full&#8221;][vc_empty_space height=&#8221;300&#8243;][vc_single_image image=&#8221;4690&#8243; img_size=&#8221;full&#8221;][\/vc_column][vc_column width=&#8221;6\/12&#8243;][vc_column_text]\n<h3><span style=\"color: #b814a5;\"><strong>(SSCS0208) ATENCI\u00d3N SOCIOSANITARIA A PERSONAS DEPENDIENTES EN INSTITUCIONES SOCIALES (N2) &#8211; (450h)<\/strong><\/span><\/h3>\n<h3><\/h3>\n<h4><span style=\"color: #3366ff;\"><strong>MF1016_2<\/strong>\u00a0<\/span><span style=\"color: #3366ff;\"><strong>\u2014 <\/strong><\/span><span style=\"color: #3366ff;\"><strong>Apoyo en la organizaci\u00f3n de intervenciones en el \u00e1mbito institucional (100 h.)<\/strong><\/span><\/h4>\n<ul>\n<li>UF0127: Apoyo en la recepci\u00f3n y acogida en instituciones de personas dependientes \u2014 30 h.<\/li>\n<li>UF0128: Apoyo en la organizaci\u00f3n de actividades para personas dependientes en instituciones \u2014 70 h.<\/li>\n<\/ul>\n<h4><span style=\"color: #3366ff;\"><strong>MF0707_1 <\/strong><\/span><span style=\"color: #3366ff;\"><strong>\u2014 <\/strong><\/span><span style=\"color: #3366ff;\"><strong>Lavado de ropa en alojamientos (90 h.)<br \/>\n<\/strong><\/span><\/h4>\n<h4><span style=\"color: #3366ff;\"><strong>MF1017_2 <\/strong><\/span><span style=\"color: #3366ff;\"><strong>\u2014<\/strong><\/span><span style=\"color: #3366ff;\">\u00a0 <strong>Intervenci\u00f3n en la atenci\u00f3n higi\u00e9nico-alimentaria en instituciones (70 h.)<\/strong><\/span><\/h4>\n<h4><span style=\"color: #3366ff;\"><strong>MF1018_2\u00a0<\/strong><\/span><span style=\"color: #3366ff;\"><strong>\u2014 <\/strong><\/span><span style=\"color: #3366ff;\"><strong>Intervenci\u00f3n en la atenci\u00f3n socio-sanitaria en instituciones (70 h.)<\/strong><\/span><\/h4>\n<h4><span style=\"color: #3366ff;\"><strong>MF1019_2\u00a0<\/strong><\/span><span style=\"color: #3366ff;\"><strong>\u2014 <\/strong><\/span><span style=\"color: #3366ff;\"><strong>Apoyo psicosocial, atenci\u00f3n relacional y comunicativa en instituciones (130 h.)<br \/>\n<\/strong><\/span><\/h4>\n<ul>\n<li>UF0129: Animaci\u00f3n social de personas dependientes en instituciones \u2014 30 h.<\/li>\n<li>UF0130: Mantenimiento y mejora de las actividades diarias de personas dependientes en\u00a0 instituciones \u2014 50 h.<\/li>\n<li>UF0131: T\u00e9cnicas de comunicaci\u00f3n con personas dependientes en instituciones \u2014 50 h.<\/li>\n<\/ul>\n<h4><span style=\"color: #3366ff;\"><strong>MP0029 <\/strong><\/span><span style=\"color: #3366ff;\"><strong>\u2014<\/strong><\/span><span style=\"color: #3366ff;\">\u00a0<strong>M\u00f3dulo de pr\u00e1cticas profesionales no laborales (80 h.)<\/strong><\/span><\/h4>\n[\/vc_column_text][vc_empty_space height=&#8221;62px&#8221;][vc_separator color=&#8221;orange&#8221; border_width=&#8221;5&#8243; el_width=&#8221;60&#8243;][vc_empty_space height=&#8221;62px&#8221;][vc_column_text]\n<h3><span style=\"color: #b814a5;\"><strong>(SSCS0108) ATENCI\u00d3N SOCIOSANITARIA A PERSONAS EN EL DOMICILIO (N2) (480h)<\/strong><\/span><\/h3>\n<h3><\/h3>\n<h4><span style=\"color: #3366ff;\"><strong>MF0249_2 <\/strong><\/span><span style=\"color: #3366ff;\"><strong>\u2014<\/strong><\/span><span style=\"color: #3366ff;\">\u00a0<strong>Higiene y atenci\u00f3n sanitaria domiciliaria\u00a0\u00a0 170h<\/strong><\/span><\/h4>\n<ul>\n<li>UF0119: Caracter\u00edsticas y necesidades de atenci\u00f3n higi\u00e9nica sanitaria de las personas dependientes (70 h.)<\/li>\n<li>UF0120: Administraci\u00f3n de alimentos y tratamientos a personas dependientes en el domicilio (50 h.)<\/li>\n<li>UF0121: Mejora de las capacidades f\u00edsicas y primeros auxilios para las personas dependientes en domicilio (50 h.)<\/li>\n<\/ul>\n<h4><span style=\"color: #3366ff;\"><strong>MF0250_2 <\/strong><\/span><span style=\"color: #3366ff;\"><strong>\u2014<\/strong><\/span><span style=\"color: #3366ff;\"><strong>\u00a0Atenci\u00f3n y apoyo psico-social en domicilio (210 h.)<\/strong><\/span><\/h4>\n<ul>\n<li>UF0122: Mantenimiento y rehabilitaci\u00f3n psico-social de las personas dependientes en domicilio (80 h.)<\/li>\n<li>UF0123: Apoyo a las gestiones cotidianas de las personas dependientes (50 h.)<\/li>\n<li>UF0124: Interrelaci\u00f3n, comunicaci\u00f3n y observaci\u00f3n con la persona dependiente y su entorno (80 h.)<\/li>\n<\/ul>\n<h4><span style=\"color: #3366ff;\"><strong><br \/>\nMF0251_2 <\/strong><\/span><span style=\"color: #3366ff;\"><strong>\u2014<\/strong><\/span><span style=\"color: #3366ff;\">\u00a0<strong>Apoyo domiciliario y alimentaci\u00f3n familiar (210 h.)<br \/>\n<\/strong><\/span><\/h4>\n<ul>\n<li>UF0125: Gesti\u00f3n, aprovisionamiento y cocina en la unidad familiar de personas dependientes (60 h.)<\/li>\n<li>UF0126: Mantenimiento, limpieza y organizaci\u00f3n del domicilio de personas dependientes (40 h.)<\/li>\n<\/ul>\n<h4><span style=\"color: #3366ff;\"><strong><br \/>\nMP0028 <\/strong><\/span><span style=\"color: #3366ff;\"><strong>\u2014<\/strong><\/span><span style=\"color: #3366ff;\"><strong>\u00a0<\/strong><strong>M\u00f3dulo de pr\u00e1cticas profesionales no laborales\u00a0 120h.<\/strong><\/span><\/h4>\n<h4><span style=\"color: #3366ff;\"><strong>\u00a0<\/strong><\/span><\/h4>\n[\/vc_column_text][vc_empty_space height=&#8221;62px&#8221;][vc_separator color=&#8221;orange&#8221; border_width=&#8221;5&#8243; el_width=&#8221;60&#8243;][vc_empty_space height=&#8221;62px&#8221;][vc_column_text]\n<h3><span style=\"color: #b814a5;\"><strong>(SSCG0111) GESTI\u00d3N DE LLAMADAS DE TELEASISTENCIA (310 h.)<\/strong><\/span><\/h3>\n<h4><span style=\"color: #3366ff;\"><strong><br \/>\nMF1423_2 \u2014 <\/strong><strong>Atenci\u00f3n y gesti\u00f3n de llamadas entrantes en un servicio de teleasistencia (90 h.)<\/strong><\/span><\/h4>\n<h4><span style=\"color: #3366ff;\"><strong>MF1424_2 <\/strong><\/span><span style=\"color: #3366ff;\"><strong>\u2014<\/strong><\/span><span style=\"color: #3366ff;\"><strong>\u00a0<\/strong><strong>Emisi\u00f3n y gesti\u00f3n de llamadas salientes en un servicio de teleasistencia (60 h.)<\/strong><\/span><\/h4>\n<h4><span style=\"color: #3366ff;\"><strong>MF1425_2 <\/strong><\/span><span style=\"color: #3366ff;\"><strong>\u2014<\/strong><\/span><span style=\"color: #3366ff;\"><strong>\u00a0<\/strong><strong>Manejo de herramientas, t\u00e9cnicas y habilidades para la prestaci\u00f3n de un servicio de teleasistencia (80 h.)<\/strong><\/span><\/h4>\n<h4><span style=\"color: #3366ff;\"><strong>MP0416 <\/strong><\/span><span style=\"color: #3366ff;\"><strong>\u2014 <\/strong><\/span><span style=\"color: #3366ff;\"><strong>M\u00f3dulo de pr\u00e1cticas profesionales no laborales (80 h.)<\/strong><\/span><\/h4>\n<h4><span style=\"color: #3366ff;\"><strong>\u00a0<\/strong><\/span><\/h4>\n[\/vc_column_text][\/vc_column][\/vc_row]\n","protected":false},"excerpt":{"rendered":"<p>[vc_row][vc_column][vc_custom_heading text=&#8221;% 100 DIRUZ LAGUNDUTAKO IKASTAROAK&#8221; font_container=&#8221;tag:h2|font_size:50|text_align:center&#8221; google_fonts=&#8221;font_family:Abel%3Aregular|font_style:400%20regular%3A400%3Anormal&#8221;][vc_single_image image=&#8221;4699&#8243; img_size=&#8221;full&#8221; alignment=&#8221;center&#8221;][vc_empty_space height=&#8221;62px&#8221;][vc_separator color=&#8221;orange&#8221; border_width=&#8221;5&#8243; el_width=&#8221;60&#8243;][vc_empty_space height=&#8221;62px&#8221;][vc_empty_space height=&#8221;62px&#8221;][\/vc_column][\/vc_row][vc_row][vc_column width=&#8221;1\/6&#8243;][\/vc_column][vc_column width=&#8221;1\/6&#8243; css=&#8221;.vc_custom_1742495106001{padding-right: 60px !important;}&#8221;][vc_single_image image=&#8221;4665&#8243; img_size=&#8221;full&#8221;][\/vc_column][vc_column width=&#8221;6\/12&#8243;][vc_column_text] (HOTA0108) OPERACIONES B\u00c1SICAS DE PISOS EN ALOJAMIENTOS (380 h.) MF0706_1\u00a0\u00a0 Arreglo de habitaciones y zonas comunes en alojamientos (120 h.) UF0038: Aprovisionamiento y organizaci\u00f3n del office en alojamiento \u2014 30 [&hellip;]<\/p>\n","protected":false},"author":1,"featured_media":0,"parent":1701,"menu_order":0,"comment_status":"closed","ping_status":"closed","template":"","meta":{"_exactmetrics_skip_tracking":false,"_exactmetrics_sitenote_active":false,"_exactmetrics_sitenote_note":"","_exactmetrics_sitenote_category":0,"footnotes":""},"class_list":["post-4649","page","type-page","status-publish","hentry"],"_links":{"self":[{"href":"https:\/\/www.bagabiltza.com\/eu\/wp-json\/wp\/v2\/pages\/4649","targetHints":{"allow":["GET"]}}],"collection":[{"href":"https:\/\/www.bagabiltza.com\/eu\/wp-json\/wp\/v2\/pages"}],"about":[{"href":"https:\/\/www.bagabiltza.com\/eu\/wp-json\/wp\/v2\/types\/page"}],"author":[{"embeddable":true,"href":"https:\/\/www.bagabiltza.com\/eu\/wp-json\/wp\/v2\/users\/1"}],"replies":[{"embeddable":true,"href":"https:\/\/www.bagabiltza.com\/eu\/wp-json\/wp\/v2\/comments?post=4649"}],"version-history":[{"count":69,"href":"https:\/\/www.bagabiltza.com\/eu\/wp-json\/wp\/v2\/pages\/4649\/revisions"}],"predecessor-version":[{"id":4755,"href":"https:\/\/www.bagabiltza.com\/eu\/wp-json\/wp\/v2\/pages\/4649\/revisions\/4755"}],"up":[{"embeddable":true,"href":"https:\/\/www.bagabiltza.com\/eu\/wp-json\/wp\/v2\/pages\/1701"}],"wp:attachment":[{"href":"https:\/\/www.bagabiltza.com\/eu\/wp-json\/wp\/v2\/media?parent=4649"}],"curies":[{"name":"wp","href":"https:\/\/api.w.org\/{rel}","templated":true}]}}