{"id":3292,"date":"2017-09-12T14:53:33","date_gmt":"2017-09-12T14:53:33","guid":{"rendered":"https:\/\/www.bagabiltza.com\/?page_id=3292"},"modified":"2018-04-25T17:33:15","modified_gmt":"2018-04-25T17:33:15","slug":"politica-de-calidad","status":"publish","type":"page","link":"https:\/\/www.bagabiltza.com\/eu\/politica-de-calidad\/","title":{"rendered":"Pol\u00edtica de calidad"},"content":{"rendered":"<div class='content-column one_third'>\u00a0\u00a0<\/div><div class='content-column one_third'><h5>A partir del a\u00f1o 2017 nuestro sistema de gesti\u00f3n empresarial es conforme a los requisitos de la norma UNE-EN-ISO 9001:2015 para diversas actividades:<\/h5>\n<ul>\n<li>\n<h5>Formaci\u00f3n reglada de acceso a ciclos formativos<\/h5>\n<\/li>\n<li>\n<h5>Formaci\u00f3n reglada profesional de ciclos de grado medio en la rama sociosanitaria<\/h5>\n<\/li>\n<li>\n<h5>Formaci\u00f3n no reglada permanente y ense\u00f1anza para adultos en las siguientes \u00e1reas: imagen personal, humanidades, nuevas tecnolog\u00edas, talleres artesanos, \u00e1mbito sociosanitario.<\/h5>\n<\/li>\n<\/ul>\n<p><img loading=\"lazy\" decoding=\"async\" class=\"wp-image-3294 size-medium alignnone\" src=\"https:\/\/www.bagabiltza.com\/wp-content\/uploads\/2017\/09\/logo-276x300.jpg\" alt=\"\" width=\"276\" height=\"300\" srcset=\"https:\/\/www.bagabiltza.com\/wp-content\/uploads\/2017\/09\/logo-276x300.jpg 276w, https:\/\/www.bagabiltza.com\/wp-content\/uploads\/2017\/09\/logo-768x835.jpg 768w, https:\/\/www.bagabiltza.com\/wp-content\/uploads\/2017\/09\/logo-942x1024.jpg 942w\" sizes=\"auto, (max-width: 276px) 100vw, 276px\" \/><\/p>\n<p>Se puede descargar el certificado a trav\u00e9s de <a href=\"https:\/\/www.bagabiltza.com\/certificado-de-calidad.pdf\" target=\"_blank\" rel=\"noopener noreferrer\">\u00e9ste enlace<\/a><\/p><\/div><div class='content-column one_third last_column'>\u00a0\u00a0<\/div><div class='clear_column'><\/div>\n<p>&nbsp;<\/p>\n<p>&nbsp;<\/p>\n<p>&nbsp;<\/p>\n","protected":false},"excerpt":{"rendered":"<p>&nbsp; &nbsp; &nbsp;<\/p>\n","protected":false},"author":1,"featured_media":0,"parent":0,"menu_order":0,"comment_status":"closed","ping_status":"closed","template":"","meta":{"_exactmetrics_skip_tracking":false,"_exactmetrics_sitenote_active":false,"_exactmetrics_sitenote_note":"","_exactmetrics_sitenote_category":0,"footnotes":""},"class_list":["post-3292","page","type-page","status-publish","hentry"],"_links":{"self":[{"href":"https:\/\/www.bagabiltza.com\/eu\/wp-json\/wp\/v2\/pages\/3292","targetHints":{"allow":["GET"]}}],"collection":[{"href":"https:\/\/www.bagabiltza.com\/eu\/wp-json\/wp\/v2\/pages"}],"about":[{"href":"https:\/\/www.bagabiltza.com\/eu\/wp-json\/wp\/v2\/types\/page"}],"author":[{"embeddable":true,"href":"https:\/\/www.bagabiltza.com\/eu\/wp-json\/wp\/v2\/users\/1"}],"replies":[{"embeddable":true,"href":"https:\/\/www.bagabiltza.com\/eu\/wp-json\/wp\/v2\/comments?post=3292"}],"version-history":[{"count":18,"href":"https:\/\/www.bagabiltza.com\/eu\/wp-json\/wp\/v2\/pages\/3292\/revisions"}],"predecessor-version":[{"id":3385,"href":"https:\/\/www.bagabiltza.com\/eu\/wp-json\/wp\/v2\/pages\/3292\/revisions\/3385"}],"wp:attachment":[{"href":"https:\/\/www.bagabiltza.com\/eu\/wp-json\/wp\/v2\/media?parent=3292"}],"curies":[{"name":"wp","href":"https:\/\/api.w.org\/{rel}","templated":true}]}}