{"id":2817,"date":"2016-04-19T11:49:23","date_gmt":"2016-04-19T11:49:23","guid":{"rendered":"https:\/\/www.bagabiltza.com\/?page_id=2817"},"modified":"2025-01-17T12:08:58","modified_gmt":"2025-01-17T12:08:58","slug":"formacion-profesional-lanbide-heziketa","status":"publish","type":"page","link":"https:\/\/www.bagabiltza.com\/eu\/formacion\/formacion-profesional-lanbide-heziketa\/","title":{"rendered":"Lanbide Heziketa"},"content":{"rendered":"<h2 align=\"center\">CICLOS FORMATIVOS DE GRADO MEDIO 2016-2017<\/h2>\n<h4><\/h4>\n<h4>Cuidados Auxiliares de Enfermer\u00eda (L.O.G.S.E. &#8211; 1.400 h.)<\/h4>\n<ul>\n<li>BILBAO Horario: de lunes a viernes, de 8,30 a 14,30 h.<\/li>\n<li>SESTAO Horario: de lunes a viernes, de 15,00 a 21,00 h.<\/li>\n<li>ZALLA Horario: de lunes a viernes, de 8,30 a 14,30 h.<\/li>\n<\/ul>\n<p><strong>Requisitos de acceso:<\/strong><\/p>\n<ul>\n<li>Tener aprobado:\n<ul>\n<li>F.P. I<\/li>\n<li>2\u00ba de B.U.P. (Se pueden tener 2 asignaturas suspendidas)<\/li>\n<li>4\u00ba de E.S.O.<\/li>\n<li>1er ciclo de R.E.M. (2 cursos)<\/li>\n<\/ul>\n<\/li>\n<\/ul>\n<p>Tanto la prematr\u00edcula como la matr\u00edcula se realizar\u00e1n en la secretar\u00eda de Bilbao: C\/ Cocherito de Bilbao, frente al n\u00ba 2 (Parada de metro de Basarrate).<br \/>\nHorario de oficina: de 8,30 a 13,00 h.<\/p>\n<p><strong>Documentaci\u00f3n a entregar:<\/strong><\/p>\n<p>Para la prematr\u00edcula:<\/p>\n<ul>\n<li>2 fotocopias del D.N.I.<\/li>\n<li>1 fotocopia del expediente acad\u00e9mico de la E.S.O. (o equivalentes) expedido por un instituto p\u00fablico.<\/li>\n<\/ul>\n<p>&nbsp;<\/p>\n<p>Para la matr\u00edcula:<\/p>\n<ul>\n<li>En caso de tener otro ciclo de Grado Medio o Superior, traer certificado con notas y n\u00famero de horas de cada m\u00f3dulo para tramitar las posibles convalidaciones y especificando si el ciclo es LOGSE o LOE.<\/li>\n<li>2 fotograf\u00edas tama\u00f1o carnet.<\/li>\n<li>1 fotocopia de la primera hoja de la libreta del banco.<\/li>\n<li>230 euros (se abonan con tarjeta de cr\u00e9dito o con abonar\u00e9 en el banco.<\/li>\n<\/ul>\n<p>&nbsp;<\/p>\n","protected":false},"excerpt":{"rendered":"<p>CICLOS FORMATIVOS DE GRADO MEDIO 2016-2017 Cuidados Auxiliares de Enfermer\u00eda (L.O.G.S.E. &#8211; 1.400 h.) BILBAO Horario: de lunes a viernes, de 8,30 a 14,30 h. SESTAO Horario: de lunes a viernes, de 15,00 a 21,00 h. ZALLA Horario: de lunes a viernes, de 8,30 a 14,30 h. Requisitos de acceso: Tener aprobado: F.P. I 2\u00ba [&hellip;]<\/p>\n","protected":false},"author":1,"featured_media":0,"parent":1701,"menu_order":0,"comment_status":"closed","ping_status":"closed","template":"","meta":{"_exactmetrics_skip_tracking":false,"_exactmetrics_sitenote_active":false,"_exactmetrics_sitenote_note":"","_exactmetrics_sitenote_category":0,"footnotes":""},"class_list":["post-2817","page","type-page","status-publish","hentry"],"_links":{"self":[{"href":"https:\/\/www.bagabiltza.com\/eu\/wp-json\/wp\/v2\/pages\/2817","targetHints":{"allow":["GET"]}}],"collection":[{"href":"https:\/\/www.bagabiltza.com\/eu\/wp-json\/wp\/v2\/pages"}],"about":[{"href":"https:\/\/www.bagabiltza.com\/eu\/wp-json\/wp\/v2\/types\/page"}],"author":[{"embeddable":true,"href":"https:\/\/www.bagabiltza.com\/eu\/wp-json\/wp\/v2\/users\/1"}],"replies":[{"embeddable":true,"href":"https:\/\/www.bagabiltza.com\/eu\/wp-json\/wp\/v2\/comments?post=2817"}],"version-history":[{"count":7,"href":"https:\/\/www.bagabiltza.com\/eu\/wp-json\/wp\/v2\/pages\/2817\/revisions"}],"predecessor-version":[{"id":3098,"href":"https:\/\/www.bagabiltza.com\/eu\/wp-json\/wp\/v2\/pages\/2817\/revisions\/3098"}],"up":[{"embeddable":true,"href":"https:\/\/www.bagabiltza.com\/eu\/wp-json\/wp\/v2\/pages\/1701"}],"wp:attachment":[{"href":"https:\/\/www.bagabiltza.com\/eu\/wp-json\/wp\/v2\/media?parent=2817"}],"curies":[{"name":"wp","href":"https:\/\/api.w.org\/{rel}","templated":true}]}}